{"id":85,"date":"2020-08-02T23:43:44","date_gmt":"2020-08-03T04:43:44","guid":{"rendered":"https:\/\/negted.com\/?page_id=85"},"modified":"2020-08-22T16:18:30","modified_gmt":"2020-08-22T21:18:30","slug":"blog","status":"publish","type":"page","link":"https:\/\/negted.com\/en\/blog\/","title":{"rendered":"Blog"},"content":{"rendered":"<section id=\"section-2-85\" class=\"ct-section\" ><div class=\"ct-section-inner-wrap\"><h1 id=\"headline-4-85\" class=\"ct-headline dentist-heading-one\"><span id=\"span-5-85\" class=\"ct-span\" ><\/span> <\/h1><div id=\"text_block-3-85\" class=\"ct-text-block descripcion-seccion\" >News, interesting articles, and everything related to the wonderful world of education.<\/div>        \n                <div id=\"_posts_grid-145-85\" class='oxy-easy-posts oxy-posts-grid' >\n                    <div class='oxy-posts'>\n                 <div class='oxy-post'>\n  \n    <a class='oxy-post-image' href='https:\/\/negted.com\/en\/2020\/08\/02\/soy-feliz-desde-que-deje-el-colegio-y-aprendo-a-traves-de-mis-gustos\/'>\n      <div class='oxy-post-image-fixed-ratio' style='background-image: url(https:\/\/negted.com\/wp-content\/uploads\/2020\/08\/3-1.jpg);'>\n      <\/div>\n      \n      <div class='oxy-post-image-date-overlay'>\n\t\t02\/08\/2020\t  <\/div>\n      \n\t<\/a>\n  \n\t<a class='oxy-post-title' href='https:\/\/negted.com\/en\/2020\/08\/02\/soy-feliz-desde-que-deje-el-colegio-y-aprendo-a-traves-de-mis-gustos\/'>Soy feliz desde que dej\u00e9 el colegio y aprendo a trav\u00e9s de mis gustos<\/a>\n\n\t<div class='oxy-post-meta'>\n\n\t<\/div>\n\n\t<div class='oxy-post-content'>\n\t\t<p>Susana \u00c1lvarez, de 16 a\u00f1os, ha aprendido desde su casa sobre ecolog\u00eda, astronom\u00eda, \u00e1lgebra y las culturas precolombinas, pero tambi\u00e9n lo ha hecho de ensayos acad\u00e9micos, de los libros empolvados que nadie coge en la biblioteca, conversando con sus padres, viajando o recorriendo las calles del Centro. Ella, sus dos hermanos y sus padres hacen [&hellip;]<\/p>\n\t<\/div>\n\n\t<a href='https:\/\/negted.com\/en\/2020\/08\/02\/soy-feliz-desde-que-deje-el-colegio-y-aprendo-a-traves-de-mis-gustos\/' class='oxy-read-more'>Read more<\/a>\n\n<\/div> <div class='oxy-post'>\n  \n    <a class='oxy-post-image' href='https:\/\/negted.com\/en\/2020\/08\/02\/del-colegio-a-la-sala-de-la-casa-homeschooling-en-colombia\/'>\n      <div class='oxy-post-image-fixed-ratio' style='background-image: url(https:\/\/negted.com\/wp-content\/uploads\/2020\/08\/2-1.jpg);'>\n      <\/div>\n      \n      <div class='oxy-post-image-date-overlay'>\n\t\t02\/08\/2020\t  <\/div>\n      \n\t<\/a>\n  \n\t<a class='oxy-post-title' href='https:\/\/negted.com\/en\/2020\/08\/02\/del-colegio-a-la-sala-de-la-casa-homeschooling-en-colombia\/'>Del colegio a la sala de la casa: Homeschooling en Colombia<\/a>\n\n\t<div class='oxy-post-meta'>\n\n\t<\/div>\n\n\t<div class='oxy-post-content'>\n\t\t<p>As\u00ed es el Homeschool en Colombia Andrea est\u00e1 cansada de explicar por qu\u00e9 sus hijos toman clases en casa. Sus amigos no entienden por qu\u00e9, a sus 34 a\u00f1os, decidi\u00f3 renunciar a su trabajo de arquitecta y darle clases a sus tres hijos. Hacer homeschool. Sus padres, quienes fueron profesores del distrito durante toda su [&hellip;]<\/p>\n\t<\/div>\n\n\t<a href='https:\/\/negted.com\/en\/2020\/08\/02\/del-colegio-a-la-sala-de-la-casa-homeschooling-en-colombia\/' class='oxy-read-more'>Read more<\/a>\n\n<\/div> <div class='oxy-post'>\n  \n    <a class='oxy-post-image' href='https:\/\/negted.com\/en\/2020\/08\/02\/que-es-el-homeschooling-o-educacion-en-casa\/'>\n      <div class='oxy-post-image-fixed-ratio' style='background-image: url(https:\/\/negted.com\/wp-content\/uploads\/2020\/08\/1.jpg);'>\n      <\/div>\n      \n      <div class='oxy-post-image-date-overlay'>\n\t\t02\/08\/2020\t  <\/div>\n      \n\t<\/a>\n  \n\t<a class='oxy-post-title' href='https:\/\/negted.com\/en\/2020\/08\/02\/que-es-el-homeschooling-o-educacion-en-casa\/'>\u00bfQu\u00e9 es el homeschooling o educaci\u00f3n en casa?<\/a>\n\n\t<div class='oxy-post-meta'>\n\n\t<\/div>\n\n\t<div class='oxy-post-content'>\n\t\t<p>Durante los \u00faltimos doscientos a\u00f1os la norma ha sido enviar a los ni\u00f1os al colegio para que sean educados all\u00ed. El sistema educativo es una de las instituciones m\u00e1s importantes de nuestra sociedad, hasta el punto de creer que es la \u00fanica manera posible en la que una persona puede recibir una buena educaci\u00f3n. Sin [&hellip;]<\/p>\n\t<\/div>\n\n\t<a href='https:\/\/negted.com\/en\/2020\/08\/02\/que-es-el-homeschooling-o-educacion-en-casa\/' class='oxy-read-more'>Read more<\/a>\n\n<\/div>            <\/div>\n                        <div class='oxy-easy-posts-pages'>\n                            <\/div>\n                            <\/div>\n                <\/div><\/section>","protected":false},"excerpt":{"rendered":"","protected":false},"author":1,"featured_media":0,"parent":0,"menu_order":0,"comment_status":"closed","ping_status":"closed","template":"","meta":[],"meta_box":[],"_links":{"self":[{"href":"https:\/\/negted.com\/en\/wp-json\/wp\/v2\/pages\/85"}],"collection":[{"href":"https:\/\/negted.com\/en\/wp-json\/wp\/v2\/pages"}],"about":[{"href":"https:\/\/negted.com\/en\/wp-json\/wp\/v2\/types\/page"}],"author":[{"embeddable":true,"href":"https:\/\/negted.com\/en\/wp-json\/wp\/v2\/users\/1"}],"replies":[{"embeddable":true,"href":"https:\/\/negted.com\/en\/wp-json\/wp\/v2\/comments?post=85"}],"version-history":[{"count":5,"href":"https:\/\/negted.com\/en\/wp-json\/wp\/v2\/pages\/85\/revisions"}],"predecessor-version":[{"id":213,"href":"https:\/\/negted.com\/en\/wp-json\/wp\/v2\/pages\/85\/revisions\/213"}],"wp:attachment":[{"href":"https:\/\/negted.com\/en\/wp-json\/wp\/v2\/media?parent=85"}],"curies":[{"name":"wp","href":"https:\/\/api.w.org\/{rel}","templated":true}]}}